{"id":465,"date":"2017-03-06T12:12:03","date_gmt":"2017-03-06T12:12:03","guid":{"rendered":"http:\/\/folsen.digitalscore.lv\/product-catalogue\/?lang=fi"},"modified":"2025-03-26T12:27:47","modified_gmt":"2025-03-26T12:27:47","slug":"tuoteluettelo","status":"publish","type":"page","link":"https:\/\/folsen.eu\/fi\/tuoteluettelo\/","title":{"rendered":"Tuoteluettelo"},"content":{"rendered":"<p>Ammattik\u00e4ytt\u00f6\u00f6n tarkoitettuja teippej\u00e4 ja suojamuoveja, jotka tunnetaan suorituskyvyst\u00e4\u00e4n.<\/p>\n","protected":false},"excerpt":{"rendered":"<p>Ammattik\u00e4ytt\u00f6\u00f6n tarkoitettuja teippej\u00e4 ja suojamuoveja, jotka tunnetaan suorituskyvyst\u00e4\u00e4n.<\/p>\n","protected":false},"author":3,"featured_media":0,"parent":0,"menu_order":45,"comment_status":"closed","ping_status":"closed","template":"page-catalog.php","meta":{"footnotes":""},"acf":[],"yoast_head":"<!-- This site is optimized with the Yoast SEO plugin v21.3 - https:\/\/yoast.com\/wordpress\/plugins\/seo\/ -->\n<title>Tuoteluettelo - Folsen.eu<\/title>\n<meta name=\"robots\" content=\"index, follow, max-snippet:-1, max-image-preview:large, max-video-preview:-1\" \/>\n<link rel=\"canonical\" href=\"https:\/\/folsen.eu\/fi\/tuoteluettelo\/\" \/>\n<meta property=\"og:locale\" content=\"fi_FI\" \/>\n<meta property=\"og:type\" content=\"article\" \/>\n<meta property=\"og:title\" content=\"Tuoteluettelo - Folsen.eu\" \/>\n<meta property=\"og:description\" content=\"Ammattik\u00e4ytt\u00f6\u00f6n tarkoitettuja teippej\u00e4 ja suojamuoveja, jotka tunnetaan suorituskyvyst\u00e4\u00e4n.\" \/>\n<meta property=\"og:url\" content=\"https:\/\/folsen.eu\/fi\/tuoteluettelo\/\" \/>\n<meta property=\"og:site_name\" content=\"Folsen.eu\" \/>\n<meta property=\"article:modified_time\" content=\"2025-03-26T12:27:47+00:00\" \/>\n<meta name=\"twitter:card\" content=\"summary_large_image\" \/>\n<meta name=\"twitter:label1\" content=\"Arvioitu lukuaika\" \/>\n\t<meta name=\"twitter:data1\" content=\"1 minuutti\" \/>\n<script type=\"application\/ld+json\" class=\"yoast-schema-graph\">{\"@context\":\"https:\/\/schema.org\",\"@graph\":[{\"@type\":\"WebPage\",\"@id\":\"https:\/\/folsen.eu\/fi\/tuoteluettelo\/\",\"url\":\"https:\/\/folsen.eu\/fi\/tuoteluettelo\/\",\"name\":\"Tuoteluettelo - Folsen.eu\",\"isPartOf\":{\"@id\":\"https:\/\/folsen.eu\/fi\/#website\"},\"datePublished\":\"2017-03-06T12:12:03+00:00\",\"dateModified\":\"2025-03-26T12:27:47+00:00\",\"breadcrumb\":{\"@id\":\"https:\/\/folsen.eu\/fi\/tuoteluettelo\/#breadcrumb\"},\"inLanguage\":\"fi\",\"potentialAction\":[{\"@type\":\"ReadAction\",\"target\":[\"https:\/\/folsen.eu\/fi\/tuoteluettelo\/\"]}]},{\"@type\":\"BreadcrumbList\",\"@id\":\"https:\/\/folsen.eu\/fi\/tuoteluettelo\/#breadcrumb\",\"itemListElement\":[{\"@type\":\"ListItem\",\"position\":1,\"name\":\"Home\",\"item\":\"https:\/\/folsen.eu\/fi\/\"},{\"@type\":\"ListItem\",\"position\":2,\"name\":\"Tuoteluettelo\"}]},{\"@type\":\"WebSite\",\"@id\":\"https:\/\/folsen.eu\/fi\/#website\",\"url\":\"https:\/\/folsen.eu\/fi\/\",\"name\":\"Folsen.eu\",\"description\":\"Professional bonding solutions\",\"potentialAction\":[{\"@type\":\"SearchAction\",\"target\":{\"@type\":\"EntryPoint\",\"urlTemplate\":\"https:\/\/folsen.eu\/fi\/?s={search_term_string}\"},\"query-input\":\"required name=search_term_string\"}],\"inLanguage\":\"fi\"}]}<\/script>\n<!-- \/ Yoast SEO plugin. -->","yoast_head_json":{"title":"Tuoteluettelo - Folsen.eu","robots":{"index":"index","follow":"follow","max-snippet":"max-snippet:-1","max-image-preview":"max-image-preview:large","max-video-preview":"max-video-preview:-1"},"canonical":"https:\/\/folsen.eu\/fi\/tuoteluettelo\/","og_locale":"fi_FI","og_type":"article","og_title":"Tuoteluettelo - Folsen.eu","og_description":"Ammattik\u00e4ytt\u00f6\u00f6n tarkoitettuja teippej\u00e4 ja suojamuoveja, jotka tunnetaan suorituskyvyst\u00e4\u00e4n.","og_url":"https:\/\/folsen.eu\/fi\/tuoteluettelo\/","og_site_name":"Folsen.eu","article_modified_time":"2025-03-26T12:27:47+00:00","twitter_card":"summary_large_image","twitter_misc":{"Arvioitu lukuaika":"1 minuutti"},"schema":{"@context":"https:\/\/schema.org","@graph":[{"@type":"WebPage","@id":"https:\/\/folsen.eu\/fi\/tuoteluettelo\/","url":"https:\/\/folsen.eu\/fi\/tuoteluettelo\/","name":"Tuoteluettelo - Folsen.eu","isPartOf":{"@id":"https:\/\/folsen.eu\/fi\/#website"},"datePublished":"2017-03-06T12:12:03+00:00","dateModified":"2025-03-26T12:27:47+00:00","breadcrumb":{"@id":"https:\/\/folsen.eu\/fi\/tuoteluettelo\/#breadcrumb"},"inLanguage":"fi","potentialAction":[{"@type":"ReadAction","target":["https:\/\/folsen.eu\/fi\/tuoteluettelo\/"]}]},{"@type":"BreadcrumbList","@id":"https:\/\/folsen.eu\/fi\/tuoteluettelo\/#breadcrumb","itemListElement":[{"@type":"ListItem","position":1,"name":"Home","item":"https:\/\/folsen.eu\/fi\/"},{"@type":"ListItem","position":2,"name":"Tuoteluettelo"}]},{"@type":"WebSite","@id":"https:\/\/folsen.eu\/fi\/#website","url":"https:\/\/folsen.eu\/fi\/","name":"Folsen.eu","description":"Professional bonding solutions","potentialAction":[{"@type":"SearchAction","target":{"@type":"EntryPoint","urlTemplate":"https:\/\/folsen.eu\/fi\/?s={search_term_string}"},"query-input":"required name=search_term_string"}],"inLanguage":"fi"}]}},"_links":{"self":[{"href":"https:\/\/folsen.eu\/fi\/wp-json\/wp\/v2\/pages\/465"}],"collection":[{"href":"https:\/\/folsen.eu\/fi\/wp-json\/wp\/v2\/pages"}],"about":[{"href":"https:\/\/folsen.eu\/fi\/wp-json\/wp\/v2\/types\/page"}],"author":[{"embeddable":true,"href":"https:\/\/folsen.eu\/fi\/wp-json\/wp\/v2\/users\/3"}],"replies":[{"embeddable":true,"href":"https:\/\/folsen.eu\/fi\/wp-json\/wp\/v2\/comments?post=465"}],"version-history":[{"count":3,"href":"https:\/\/folsen.eu\/fi\/wp-json\/wp\/v2\/pages\/465\/revisions"}],"predecessor-version":[{"id":3444,"href":"https:\/\/folsen.eu\/fi\/wp-json\/wp\/v2\/pages\/465\/revisions\/3444"}],"wp:attachment":[{"href":"https:\/\/folsen.eu\/fi\/wp-json\/wp\/v2\/media?parent=465"}],"curies":[{"name":"wp","href":"https:\/\/api.w.org\/{rel}","templated":true}]}}